{"id":35299,"date":"2024-05-21T12:26:06","date_gmt":"2024-05-21T12:26:06","guid":{"rendered":"https:\/\/meelismasso.ee\/?page_id=35299"},"modified":"2025-02-18T13:42:30","modified_gmt":"2025-02-18T13:42:30","slug":"%d0%be%d0%b1%d0%bb%d0%b0%d1%81%d1%82%d0%b8-%d0%b4%d0%b5%d1%8f%d1%82%d0%b5%d0%bb%d1%8c%d0%bd%d0%be%d1%81%d1%82%d0%b8","status":"publish","type":"page","link":"https:\/\/meelismasso.ee\/ru\/tegevusvaldkonnad\/","title":{"rendered":"\u041e\u0431\u043b\u0430\u0441\u0442\u0438 \u0434\u0435\u044f\u0442\u0435\u043b\u044c\u043d\u043e\u0441\u0442\u0438"},"content":{"rendered":"<div data-elementor-type=\"wp-page\" data-elementor-id=\"35299\" class=\"elementor elementor-35299\" data-elementor-post-type=\"page\">\n\t\t\t\t<div class=\"elementor-element elementor-element-564c1a5 e-flex e-con-boxed e-con e-parent\" data-id=\"564c1a5\" data-element_type=\"container\" data-e-type=\"container\">\n\t\t\t\t\t<div class=\"e-con-inner\">\n\t\t\t\t<div class=\"elementor-element elementor-element-c893bc0 elementor-widget elementor-widget-ceaservice\" data-id=\"c893bc0\" data-element_type=\"widget\" data-e-type=\"widget\" data-widget_type=\"ceaservice.default\">\n\t\t\t\t\r\n\t\t<div class=\"elementor-widget-container service-wrapper service-style-modern service-light service-normal-model\">\r\n\t\t\r\n\t\t\t<div class=\"row\"><div class=\"col-lg-4 col-md-4\" ><div class=\"service-inner\"><div class=\"service-icon-img-wrap\"><img decoding=\"async\" src=\"https:\/\/meelismasso.ee\/wp-content\/uploads\/2022\/07\/news-2.png\" class=\"img-fluid service-icon-img\" alt=\"\u0423\u0433\u043e\u043b\u043e\u0432\u043d\u043e\u0435 \u043f\u0440\u0430\u0432\u043e (\u0432\u043a\u043b\u044e\u0447\u0430\u044f \u043f\u0440\u043e\u0441\u0442\u0443\u043f\u043a\u0438)\" \/><\/div><div class=\"entry-title\"><h3 class=\"post-title-head\"><a href=\"https:\/\/meelismasso.ee\/ru\/service\/aitame-teid-koikvoimalike-kahjunouete-esitamisel-ja-nende-menetlemisel-nii-kohtuvaliselt-kui-ka-kohtus\/\" class=\"post-title\">\u0423\u0433\u043e\u043b\u043e\u0432\u043d\u043e\u0435 \u043f\u0440\u0430\u0432\u043e (\u0432\u043a\u043b\u044e\u0447\u0430\u044f \u043f\u0440\u043e\u0441\u0442\u0443\u043f\u043a\u0438)<\/a><\/h3><\/div><!-- .entry-title --><\/div><!-- .service-inner --><\/div><!-- .col \/ .owl-carousel-item \/ .isotope --><div class=\"col-lg-4 col-md-4\" ><div class=\"service-inner\"><div class=\"service-icon-img-wrap\"><img decoding=\"async\" src=\"https:\/\/meelismasso.ee\/wp-content\/uploads\/2024\/01\/parimisoigus.png\" class=\"img-fluid service-icon-img\" alt=\"\u0421\u0435\u043c\u0435\u0439\u043d\u043e\u0435 \u0438 \u043d\u0430\u0441\u043b\u0435\u0434\u0441\u0442\u0432\u0435\u043d\u043d\u043e\u0435 \u043f\u0440\u0430\u0432\u043e\" \/><\/div><div class=\"entry-title\"><h3 class=\"post-title-head\"><a href=\"https:\/\/meelismasso.ee\/ru\/service\/perekonna-ja-parimisoigus\/\" class=\"post-title\">\u0421\u0435\u043c\u0435\u0439\u043d\u043e\u0435 \u0438 \u043d\u0430\u0441\u043b\u0435\u0434\u0441\u0442\u0432\u0435\u043d\u043d\u043e\u0435 \u043f\u0440\u0430\u0432\u043e<\/a><\/h3><\/div><!-- .entry-title --><\/div><!-- .service-inner --><\/div><!-- .col \/ .owl-carousel-item \/ .isotope --><div class=\"col-lg-4 col-md-4\" ><div class=\"service-inner\"><div class=\"service-icon-img-wrap\"><img decoding=\"async\" src=\"https:\/\/meelismasso.ee\/wp-content\/uploads\/2024\/01\/kv.png\" class=\"img-fluid service-icon-img\" alt=\"\u0418\u043c\u0443\u0449\u0435\u0441\u0442\u0432\u0435\u043d\u043d\u043e\u0435 \u0438 \u0441\u0442\u0440\u043e\u0438\u0442\u0435\u043b\u044c\u043d\u043e\u0435 \u043f\u0440\u0430\u0432\u043e\" \/><\/div><div class=\"entry-title\"><h3 class=\"post-title-head\"><a href=\"https:\/\/meelismasso.ee\/ru\/service\/kinnisvara-ja-ehitusoigus\/\" class=\"post-title\">\u0418\u043c\u0443\u0449\u0435\u0441\u0442\u0432\u0435\u043d\u043d\u043e\u0435 \u0438 \u0441\u0442\u0440\u043e\u0438\u0442\u0435\u043b\u044c\u043d\u043e\u0435 \u043f\u0440\u0430\u0432\u043e<\/a><\/h3><\/div><!-- .entry-title --><\/div><!-- .service-inner --><\/div><!-- .col \/ .owl-carousel-item \/ .isotope --><\/div><!-- .row --><div class=\"row\"><div class=\"col-lg-4 col-md-4\" ><div class=\"service-inner\"><div class=\"service-icon-img-wrap\"><img decoding=\"async\" src=\"https:\/\/meelismasso.ee\/wp-content\/uploads\/2024\/01\/keskkond.png\" class=\"img-fluid service-icon-img\" alt=\"\u042d\u043a\u043e\u043b\u043e\u0433\u0438\u0447\u0435\u0441\u043a\u043e\u0435 \u043f\u0440\u0430\u0432\u043e\" \/><\/div><div class=\"entry-title\"><h3 class=\"post-title-head\"><a href=\"https:\/\/meelismasso.ee\/ru\/service\/keskkonnaoigus\/\" class=\"post-title\">\u042d\u043a\u043e\u043b\u043e\u0433\u0438\u0447\u0435\u0441\u043a\u043e\u0435 \u043f\u0440\u0430\u0432\u043e<\/a><\/h3><\/div><!-- .entry-title --><\/div><!-- .service-inner --><\/div><!-- .col \/ .owl-carousel-item \/ .isotope --><div class=\"col-lg-4 col-md-4\" ><div class=\"service-inner\"><div class=\"service-icon-img-wrap\"><img decoding=\"async\" src=\"https:\/\/meelismasso.ee\/wp-content\/uploads\/2022\/07\/copyright.png\" class=\"img-fluid service-icon-img\" alt=\"\u0422\u0440\u0443\u0434\u043e\u0432\u043e\u0435 \u043f\u0440\u0430\u0432\u043e\" \/><\/div><div class=\"entry-title\"><h3 class=\"post-title-head\"><a href=\"https:\/\/meelismasso.ee\/ru\/service\/toooigus\/\" class=\"post-title\">\u0422\u0440\u0443\u0434\u043e\u0432\u043e\u0435 \u043f\u0440\u0430\u0432\u043e<\/a><\/h3><\/div><!-- .entry-title --><\/div><!-- .service-inner --><\/div><!-- .col \/ .owl-carousel-item \/ .isotope --><div class=\"col-lg-4 col-md-4\" ><div class=\"service-inner\"><div class=\"service-icon-img-wrap\"><img decoding=\"async\" src=\"https:\/\/meelismasso.ee\/wp-content\/uploads\/2024\/01\/rist2.png\" class=\"img-fluid service-icon-img\" alt=\"\u041c\u0435\u0434\u0438\u0446\u0438\u043d\u0441\u043a\u043e\u0435 \u043f\u0440\u0430\u0432\u043e\" \/><\/div><div class=\"entry-title\"><h3 class=\"post-title-head\"><a href=\"https:\/\/meelismasso.ee\/ru\/service\/meditsiinioigus\/\" class=\"post-title\">\u041c\u0435\u0434\u0438\u0446\u0438\u043d\u0441\u043a\u043e\u0435 \u043f\u0440\u0430\u0432\u043e<\/a><\/h3><\/div><!-- .entry-title --><\/div><!-- .service-inner --><\/div><!-- .col \/ .owl-carousel-item \/ .isotope --><\/div><!-- .row --><div class=\"row\"><div class=\"col-lg-4 col-md-4\" ><div class=\"service-inner\"><div class=\"service-icon-img-wrap\"><img decoding=\"async\" src=\"https:\/\/meelismasso.ee\/wp-content\/uploads\/2024\/01\/maksud.png\" class=\"img-fluid service-icon-img\" alt=\"\u041d\u0430\u043b\u043e\u0433\u043e\u0432\u043e\u0435 \u043f\u0440\u0430\u0432\u043e\" \/><\/div><div class=\"entry-title\"><h3 class=\"post-title-head\"><a href=\"https:\/\/meelismasso.ee\/ru\/service\/maksuoigus\/\" class=\"post-title\">\u041d\u0430\u043b\u043e\u0433\u043e\u0432\u043e\u0435 \u043f\u0440\u0430\u0432\u043e<\/a><\/h3><\/div><!-- .entry-title --><\/div><!-- .service-inner --><\/div><!-- .col \/ .owl-carousel-item \/ .isotope --><div class=\"col-lg-4 col-md-4\" ><div class=\"service-inner\"><div class=\"service-icon-img-wrap\"><img decoding=\"async\" src=\"https:\/\/meelismasso.ee\/wp-content\/uploads\/2024\/01\/maksed.png\" class=\"img-fluid service-icon-img\" alt=\"\u0414\u043e\u0433\u043e\u0432\u043e\u0440\u043d\u043e\u0435 \u043f\u0440\u0430\u0432\u043e\" \/><\/div><div class=\"entry-title\"><h3 class=\"post-title-head\"><a href=\"https:\/\/meelismasso.ee\/ru\/service\/lepinguoigus\/\" class=\"post-title\">\u0414\u043e\u0433\u043e\u0432\u043e\u0440\u043d\u043e\u0435 \u043f\u0440\u0430\u0432\u043e<\/a><\/h3><\/div><!-- .entry-title --><\/div><!-- .service-inner --><\/div><!-- .col \/ .owl-carousel-item \/ .isotope --><div class=\"col-lg-4 col-md-4\" ><div class=\"service-inner\"><div class=\"service-icon-img-wrap\"><img decoding=\"async\" src=\"https:\/\/meelismasso.ee\/wp-content\/uploads\/2022\/07\/business.png\" class=\"img-fluid service-icon-img\" alt=\"\u0414\u0435\u043b\u043e\u0432\u043e\u0435 \u043f\u0440\u0430\u0432\u043e\" \/><\/div><div class=\"entry-title\"><h3 class=\"post-title-head\"><a href=\"https:\/\/meelismasso.ee\/ru\/service\/arioigus\/\" class=\"post-title\">\u0414\u0435\u043b\u043e\u0432\u043e\u0435 \u043f\u0440\u0430\u0432\u043e<\/a><\/h3><\/div><!-- .entry-title --><\/div><!-- .service-inner --><\/div><!-- .col \/ .owl-carousel-item \/ .isotope --><\/div><!-- .row --><div class=\"row\"><div class=\"col-lg-4 col-md-4\" ><div class=\"service-inner\"><div class=\"service-icon-img-wrap\"><img decoding=\"async\" src=\"https:\/\/meelismasso.ee\/wp-content\/uploads\/2024\/01\/kohus.png\" class=\"img-fluid service-icon-img\" alt=\"\u0410\u0434\u043c\u0438\u043d\u0438\u0441\u0442\u0440\u0430\u0442\u0438\u0432\u043d\u043e\u0435 \u0441\u0443\u0434\u043e\u043f\u0440\u043e\u0438\u0437\u0432\u043e\u0434\u0441\u0442\u0432\u043e \u0438 \u0430\u0434\u043c\u0438\u043d\u0438\u0441\u0442\u0440\u0430\u0442\u0438\u0432\u043d\u0430\u044f \u043f\u0440\u043e\u0446\u0435\u0434\u0443\u0440\u0430 (\u0413\u043e\u0441\u0443\u0434\u0430\u0440\u0441\u0442\u0432\u0435\u043d\u043d\u043e\u0435 \u0443\u043f\u0440\u0430\u0432\u043b\u0435\u043d\u0438\u0435)\" \/><\/div><div class=\"entry-title\"><h3 class=\"post-title-head\"><a href=\"https:\/\/meelismasso.ee\/ru\/service\/halduskohtumenetlus-ja-haldusmenetlus-avalik-haldus\/\" class=\"post-title\">\u0410\u0434\u043c\u0438\u043d\u0438\u0441\u0442\u0440\u0430\u0442\u0438\u0432\u043d\u043e\u0435 \u0441\u0443\u0434\u043e\u043f\u0440\u043e\u0438\u0437\u0432\u043e\u0434\u0441\u0442\u0432\u043e \u0438 \u0430\u0434\u043c\u0438\u043d\u0438\u0441\u0442\u0440\u0430\u0442\u0438\u0432\u043d\u0430\u044f \u043f\u0440\u043e\u0446\u0435\u0434\u0443\u0440\u0430 (\u0413\u043e\u0441\u0443\u0434\u0430\u0440\u0441\u0442\u0432\u0435\u043d\u043d\u043e\u0435 \u0443\u043f\u0440\u0430\u0432\u043b\u0435\u043d\u0438\u0435)<\/a><\/h3><\/div><!-- .entry-title --><\/div><!-- .service-inner --><\/div><!-- .col \/ .owl-carousel-item \/ .isotope --><div class=\"col-lg-4 col-md-4\" ><div class=\"service-inner\"><div class=\"service-icon-img-wrap\"><img decoding=\"async\" src=\"https:\/\/meelismasso.ee\/wp-content\/uploads\/2024\/01\/pankrot.png\" class=\"img-fluid service-icon-img\" alt=\"\u0417\u0430\u043a\u043e\u043d \u043e \u0431\u0430\u043d\u043a\u0440\u043e\u0442\u0441\u0442\u0432\u0435\" \/><\/div><div class=\"entry-title\"><h3 class=\"post-title-head\"><a href=\"https:\/\/meelismasso.ee\/ru\/service\/pankrotioigus\/\" class=\"post-title\">\u0417\u0430\u043a\u043e\u043d \u043e \u0431\u0430\u043d\u043a\u0440\u043e\u0442\u0441\u0442\u0432\u0435<\/a><\/h3><\/div><!-- .entry-title --><\/div><!-- .service-inner --><\/div><!-- .col \/ .owl-carousel-item \/ .isotope --><div class=\"col-lg-4 col-md-4\" ><div class=\"service-inner\"><div class=\"service-icon-img-wrap\"><img decoding=\"async\" src=\"https:\/\/meelismasso.ee\/wp-content\/uploads\/2024\/01\/vaidlus.png\" class=\"img-fluid service-icon-img\" alt=\"\u0420\u0430\u0437\u0440\u0435\u0448\u0435\u043d\u0438\u0435 \u0441\u043f\u043e\u0440\u043e\u0432 \u0438 \u0441\u0443\u0434\u0435\u0431\u043d\u044b\u0435 \u043f\u0440\u043e\u0446\u0435\u0434\u0443\u0440\u044b\" \/><\/div><div class=\"entry-title\"><h3 class=\"post-title-head\"><a href=\"https:\/\/meelismasso.ee\/ru\/service\/vaidluste-lahendamine-ja-kohtumenetlused\/\" class=\"post-title\">\u0420\u0430\u0437\u0440\u0435\u0448\u0435\u043d\u0438\u0435 \u0441\u043f\u043e\u0440\u043e\u0432 \u0438 \u0441\u0443\u0434\u0435\u0431\u043d\u044b\u0435 \u043f\u0440\u043e\u0446\u0435\u0434\u0443\u0440\u044b<\/a><\/h3><\/div><!-- .entry-title --><\/div><!-- .service-inner --><\/div><!-- .col \/ .owl-carousel-item \/ .isotope --><\/div><!-- .row --><div class=\"row\"><div class=\"col-lg-4 col-md-4\" ><div class=\"service-inner\"><div class=\"service-icon-img-wrap\"><img decoding=\"async\" src=\"https:\/\/meelismasso.ee\/wp-content\/uploads\/2022\/07\/divorce.png\" class=\"img-fluid service-icon-img\" alt=\"\u0417\u0430\u0449\u0438\u0442\u0430 \u0434\u0430\u043d\u043d\u044b\u0445\" \/><\/div><div class=\"entry-title\"><h3 class=\"post-title-head\"><a href=\"https:\/\/meelismasso.ee\/ru\/service\/andmekaitse\/\" class=\"post-title\">\u0417\u0430\u0449\u0438\u0442\u0430 \u0434\u0430\u043d\u043d\u044b\u0445<\/a><\/h3><\/div><!-- .entry-title --><\/div><!-- .service-inner --><\/div><!-- .col \/ .owl-carousel-item \/ .isotope --><\/div><!-- .row -->\t\t\t\r\n\t\t<\/div>\r\n\t\t\t\t<\/div>\n\t\t\t\t\t<\/div>\n\t\t\t\t<\/div>\n\t\t\t\t<\/div>","protected":false},"excerpt":{"rendered":"<p>Kriminaal\u00f5igus (sh v\u00e4\u00e4rteomenetlused) Perekonna- ja p\u00e4rimis\u00f5igus Kinnisvara- ja ehitus\u00f5igus Keskkonna\u00f5igus T\u00f6\u00f6\u00f5igus Meditsiini\u00f5igus Maksu\u00f5igus Lepingu\u00f5igus \u00c4ri\u00f5igus Halduskohtumenetlus ja haldusmenetlus (Avalik haldus) Pankroti\u00f5igus Vaidluste lahendamine ja kohtumenetlused Andmekaitse<\/p>","protected":false},"author":2,"featured_media":0,"parent":0,"menu_order":0,"comment_status":"closed","ping_status":"closed","template":"","meta":{"footnotes":""},"class_list":["post-35299","page","type-page","status-publish","hentry"],"_links":{"self":[{"href":"https:\/\/meelismasso.ee\/ru\/wp-json\/wp\/v2\/pages\/35299","targetHints":{"allow":["GET"]}}],"collection":[{"href":"https:\/\/meelismasso.ee\/ru\/wp-json\/wp\/v2\/pages"}],"about":[{"href":"https:\/\/meelismasso.ee\/ru\/wp-json\/wp\/v2\/types\/page"}],"author":[{"embeddable":true,"href":"https:\/\/meelismasso.ee\/ru\/wp-json\/wp\/v2\/users\/2"}],"replies":[{"embeddable":true,"href":"https:\/\/meelismasso.ee\/ru\/wp-json\/wp\/v2\/comments?post=35299"}],"version-history":[{"count":10,"href":"https:\/\/meelismasso.ee\/ru\/wp-json\/wp\/v2\/pages\/35299\/revisions"}],"predecessor-version":[{"id":35351,"href":"https:\/\/meelismasso.ee\/ru\/wp-json\/wp\/v2\/pages\/35299\/revisions\/35351"}],"wp:attachment":[{"href":"https:\/\/meelismasso.ee\/ru\/wp-json\/wp\/v2\/media?parent=35299"}],"curies":[{"name":"wp","href":"https:\/\/api.w.org\/{rel}","templated":true}]}}