{"id":10973,"date":"2021-08-31T10:16:48","date_gmt":"2021-08-31T10:16:48","guid":{"rendered":"https:\/\/elementor.zozothemes.com\/corpkit\/contact-copy\/"},"modified":"2026-03-13T07:51:30","modified_gmt":"2026-03-13T07:51:30","slug":"meelismasso-team","status":"publish","type":"page","link":"https:\/\/meelismasso.ee\/ru\/meeskond\/","title":{"rendered":"\u041a\u043e\u043c\u0430\u043d\u0434\u0430"},"content":{"rendered":"\t\t<div data-elementor-type=\"wp-page\" data-elementor-id=\"10973\" class=\"elementor elementor-10973\" data-elementor-post-type=\"page\">\n\t\t\t\t\t\t<section class=\"elementor-section elementor-top-section elementor-element elementor-element-e9cd0a6 elementor-section-content-middle elementor-section-full_width elementor-section-height-default elementor-section-height-default\" data-id=\"e9cd0a6\" data-element_type=\"section\" data-e-type=\"section\">\n\t\t\t\t\t\t<div class=\"elementor-container elementor-column-gap-extended\">\n\t\t\t\t\t<div class=\"elementor-column elementor-col-100 elementor-top-column elementor-element elementor-element-1554b18\" data-id=\"1554b18\" data-element_type=\"column\" data-e-type=\"column\">\n\t\t\t<div class=\"elementor-widget-wrap elementor-element-populated\">\n\t\t\t\t\t\t<div class=\"elementor-element elementor-element-02d7e1b elementor-widget elementor-widget-ceateam\" data-id=\"02d7e1b\" data-element_type=\"widget\" data-e-type=\"widget\" data-widget_type=\"ceateam.default\">\n\t\t\t\t\r\n\t\t<div class=\"elementor-widget-container team-wrapper team-style-default team-light team-normal-model\">\r\n\t\t\r\n\t\t\t<div class=\"row\"><div class=\"col-lg-3 col-md-6\" ><div class=\"team-inner\"><div class=\"entry-title\"><h4 class=\"post-title-head\"><a href=\"https:\/\/meelismasso.ee\/ru\/team\/glaid-happonen\/\" class=\"post-title\">Glaid Happonen<\/a><\/h4><\/div><!-- .entry-title --><div class=\"team-designation\">Tegevjuht<\/div><!-- .team-designation --><div class=\"post-thumb\"><a href=\"https:\/\/meelismasso.ee\/ru\/team\/glaid-happonen\/\" class=\"post-image-link\"><img decoding=\"async\" src=\"https:\/\/meelismasso.ee\/wp-content\/uploads\/2023\/12\/P5040274_pp.jpg\" title=\"P5040274_pp\" alt=\"\" class=\"img-fluid rounded\" \/><\/a><\/div><!-- .post-thumb --><\/div><!-- .team-inner --><\/div><!-- .col \/ .owl-carousel-item \/ .isotope --><div class=\"col-lg-3 col-md-6\" ><div class=\"team-inner\"><div class=\"entry-title\"><h4 class=\"post-title-head\"><a href=\"https:\/\/meelismasso.ee\/ru\/team\/meelis-masso-2\/\" class=\"post-title\">Meelis Masso<\/a><\/h4><\/div><!-- .entry-title --><div class=\"team-designation\">Vandeadvokaat<\/div><!-- .team-designation --><div class=\"post-thumb\"><a href=\"https:\/\/meelismasso.ee\/ru\/team\/meelis-masso-2\/\" class=\"post-image-link\"><img decoding=\"async\" src=\"https:\/\/meelismasso.ee\/wp-content\/uploads\/2023\/12\/Meelis_Masso_esindusfoto2024.jpeg\" title=\"Meelis_Masso_esindusfoto2024\" alt=\"\" class=\"img-fluid rounded img-fluid rounded\" \/><\/a><\/div><!-- .post-thumb --><\/div><!-- .team-inner --><\/div><!-- .col \/ .owl-carousel-item \/ .isotope --><div class=\"col-lg-3 col-md-6\" ><div class=\"team-inner\"><div class=\"entry-title\"><h4 class=\"post-title-head\"><a href=\"https:\/\/meelismasso.ee\/ru\/team\/triin-kivimaa\/\" class=\"post-title\">Triin Kivimaa<\/a><\/h4><\/div><!-- .entry-title --><div class=\"team-designation\">Vandeadvokaadi abi<\/div><!-- .team-designation --><div class=\"post-thumb\"><a href=\"https:\/\/meelismasso.ee\/ru\/team\/triin-kivimaa\/\" class=\"post-image-link\"><img decoding=\"async\" src=\"https:\/\/meelismasso.ee\/wp-content\/uploads\/2024\/01\/unnamed.jpg\" title=\"unnamed\" alt=\"\" class=\"img-fluid rounded img-fluid rounded img-fluid rounded\" \/><\/a><\/div><!-- .post-thumb --><\/div><!-- .team-inner --><\/div><!-- .col \/ .owl-carousel-item \/ .isotope --><div class=\"col-lg-3 col-md-6\" ><div class=\"team-inner\"><div class=\"entry-title\"><h4 class=\"post-title-head\"><a href=\"https:\/\/meelismasso.ee\/ru\/team\/catryna-kandla\/\" class=\"post-title\">Catryna Kandla<\/a><\/h4><\/div><!-- .entry-title --><div class=\"team-designation\">Vandeadvokaadi abi<\/div><!-- .team-designation --><div class=\"post-thumb\"><a href=\"https:\/\/meelismasso.ee\/ru\/team\/catryna-kandla\/\" class=\"post-image-link\"><img decoding=\"async\" src=\"https:\/\/meelismasso.ee\/wp-content\/uploads\/2025\/11\/C.Kandla-PB070519_pp32.jpg.jpeg\" title=\"C.Kandla PB070519_pp[32].jpg\" alt=\"\" class=\"img-fluid rounded img-fluid rounded img-fluid rounded img-fluid rounded\" \/><\/a><\/div><!-- .post-thumb --><\/div><!-- .team-inner --><\/div><!-- .col \/ .owl-carousel-item \/ .isotope --><\/div><!-- .row --><div class=\"row\"><div class=\"col-lg-3 col-md-6\" ><div class=\"team-inner\"><div class=\"entry-title\"><h4 class=\"post-title-head\"><a href=\"https:\/\/meelismasso.ee\/ru\/team\/laureana-telk\/\" class=\"post-title\">Laureana Telk<\/a><\/h4><\/div><!-- .entry-title --><div class=\"team-designation\">Vandeadvokaadi abi<\/div><!-- .team-designation --><div class=\"post-thumb\"><a href=\"https:\/\/meelismasso.ee\/ru\/team\/laureana-telk\/\" class=\"post-image-link\"><img decoding=\"async\" src=\"https:\/\/meelismasso.ee\/wp-content\/uploads\/2023\/12\/P5040293_pp.jpg\" title=\"P5040293_pp\" alt=\"\" class=\"img-fluid rounded img-fluid rounded img-fluid rounded img-fluid rounded img-fluid rounded\" \/><\/a><\/div><!-- .post-thumb --><\/div><!-- .team-inner --><\/div><!-- .col \/ .owl-carousel-item \/ .isotope --><div class=\"col-lg-3 col-md-6\" ><div class=\"team-inner\"><div class=\"entry-title\"><h4 class=\"post-title-head\"><a href=\"https:\/\/meelismasso.ee\/ru\/team\/deivid-uibo\/\" class=\"post-title\">Deivid Uibo<\/a><\/h4><\/div><!-- .entry-title --><div class=\"team-designation\">Jurist<\/div><!-- .team-designation --><div class=\"post-thumb\"><a href=\"https:\/\/meelismasso.ee\/ru\/team\/deivid-uibo\/\" class=\"post-image-link\"><img decoding=\"async\" src=\"https:\/\/meelismasso.ee\/wp-content\/uploads\/2025\/06\/D.UiboP5280246_pp.jpg\" title=\"D.UiboP5280246_pp\" alt=\"\" class=\"img-fluid rounded img-fluid rounded img-fluid rounded img-fluid rounded img-fluid rounded img-fluid rounded\" \/><\/a><\/div><!-- .post-thumb --><\/div><!-- .team-inner --><\/div><!-- .col \/ .owl-carousel-item \/ .isotope --><div class=\"col-lg-3 col-md-6\" ><div class=\"team-inner\"><div class=\"entry-title\"><h4 class=\"post-title-head\"><a href=\"https:\/\/meelismasso.ee\/ru\/team\/triin-kudi\/\" class=\"post-title\">Triin Kudi<\/a><\/h4><\/div><!-- .entry-title --><div class=\"team-designation\">Assistent<\/div><!-- .team-designation --><div class=\"post-thumb\"><a href=\"https:\/\/meelismasso.ee\/ru\/team\/triin-kudi\/\" class=\"post-image-link\"><img decoding=\"async\" src=\"https:\/\/meelismasso.ee\/wp-content\/uploads\/2025\/02\/PC190251-aarisega.jpg\" title=\"PC190251 (a\u0308a\u0308risega)\" alt=\"\" class=\"img-fluid rounded img-fluid rounded img-fluid rounded img-fluid rounded img-fluid rounded img-fluid rounded img-fluid rounded\" \/><\/a><\/div><!-- .post-thumb --><\/div><!-- .team-inner --><\/div><!-- .col \/ .owl-carousel-item \/ .isotope --><div class=\"col-lg-3 col-md-6\" ><div class=\"team-inner\"><div class=\"entry-title\"><h4 class=\"post-title-head\"><a href=\"https:\/\/meelismasso.ee\/ru\/team\/juhani\/\" class=\"post-title\">Juhani Tamminen<\/a><\/h4><\/div><!-- .entry-title --><div class=\"team-designation\">N\u00f5unik<\/div><!-- .team-designation --><div class=\"post-thumb\"><a href=\"https:\/\/meelismasso.ee\/ru\/team\/juhani\/\" class=\"post-image-link\"><img decoding=\"async\" src=\"https:\/\/meelismasso.ee\/wp-content\/uploads\/2024\/01\/juhan.jpg\" title=\"juhan\" alt=\"\" class=\"img-fluid rounded img-fluid rounded img-fluid rounded img-fluid rounded img-fluid rounded img-fluid rounded img-fluid rounded img-fluid rounded\" \/><\/a><\/div><!-- .post-thumb --><\/div><!-- .team-inner --><\/div><!-- .col \/ .owl-carousel-item \/ .isotope --><\/div><!-- .row -->\t\t\t\r\n\t\t<\/div>\r\n\t\t\t\t<\/div>\n\t\t\t\t\t<\/div>\n\t\t<\/div>\n\t\t\t\t\t<\/div>\n\t\t<\/section>\n\t\t\t\t<\/div>\n\t\t","protected":false},"excerpt":{"rendered":"<p>Glaid Happonen B\u00fcroo-, turundus ja kommunikatsioonijuht Meelis Masso Vandeadvokaat Gert V\u00f5sa Jurist Juhani Tamminen N\u00f5unik..<\/p>","protected":false},"author":2,"featured_media":0,"parent":0,"menu_order":0,"comment_status":"closed","ping_status":"closed","template":"","meta":{"footnotes":""},"class_list":["post-10973","page","type-page","status-publish","hentry"],"_links":{"self":[{"href":"https:\/\/meelismasso.ee\/ru\/wp-json\/wp\/v2\/pages\/10973","targetHints":{"allow":["GET"]}}],"collection":[{"href":"https:\/\/meelismasso.ee\/ru\/wp-json\/wp\/v2\/pages"}],"about":[{"href":"https:\/\/meelismasso.ee\/ru\/wp-json\/wp\/v2\/types\/page"}],"author":[{"embeddable":true,"href":"https:\/\/meelismasso.ee\/ru\/wp-json\/wp\/v2\/users\/2"}],"replies":[{"embeddable":true,"href":"https:\/\/meelismasso.ee\/ru\/wp-json\/wp\/v2\/comments?post=10973"}],"version-history":[{"count":16,"href":"https:\/\/meelismasso.ee\/ru\/wp-json\/wp\/v2\/pages\/10973\/revisions"}],"predecessor-version":[{"id":35801,"href":"https:\/\/meelismasso.ee\/ru\/wp-json\/wp\/v2\/pages\/10973\/revisions\/35801"}],"wp:attachment":[{"href":"https:\/\/meelismasso.ee\/ru\/wp-json\/wp\/v2\/media?parent=10973"}],"curies":[{"name":"wp","href":"https:\/\/api.w.org\/{rel}","templated":true}]}}