{"id":35299,"date":"2024-05-21T12:26:06","date_gmt":"2024-05-21T12:26:06","guid":{"rendered":"https:\/\/meelismasso.ee\/?page_id=35299"},"modified":"2025-02-18T13:42:30","modified_gmt":"2025-02-18T13:42:30","slug":"services","status":"publish","type":"page","link":"https:\/\/meelismasso.ee\/en\/tegevusvaldkonnad\/","title":{"rendered":"Services"},"content":{"rendered":"<div data-elementor-type=\"wp-page\" data-elementor-id=\"35299\" class=\"elementor elementor-35299\" data-elementor-post-type=\"page\">\n\t\t\t\t<div class=\"elementor-element elementor-element-564c1a5 e-flex e-con-boxed e-con e-parent\" data-id=\"564c1a5\" data-element_type=\"container\" data-e-type=\"container\">\n\t\t\t\t\t<div class=\"e-con-inner\">\n\t\t\t\t<div class=\"elementor-element elementor-element-c893bc0 elementor-widget elementor-widget-ceaservice\" data-id=\"c893bc0\" data-element_type=\"widget\" data-e-type=\"widget\" data-widget_type=\"ceaservice.default\">\n\t\t\t\t\r\n\t\t<div class=\"elementor-widget-container service-wrapper service-style-modern service-light service-normal-model\">\r\n\t\t\r\n\t\t\t<div class=\"row\"><div class=\"col-lg-4 col-md-4\" ><div class=\"service-inner\"><div class=\"service-icon-img-wrap\"><img decoding=\"async\" src=\"https:\/\/meelismasso.ee\/wp-content\/uploads\/2022\/07\/news-2.png\" class=\"img-fluid service-icon-img\" alt=\"Criminal law (including misdemeanour proceedings)\" \/><\/div><div class=\"entry-title\"><h3 class=\"post-title-head\"><a href=\"https:\/\/meelismasso.ee\/en\/service\/aitame-teid-koikvoimalike-kahjunouete-esitamisel-ja-nende-menetlemisel-nii-kohtuvaliselt-kui-ka-kohtus\/\" class=\"post-title\">Criminal law (including misdemeanour proceedings)<\/a><\/h3><\/div><!-- .entry-title --><\/div><!-- .service-inner --><\/div><!-- .col \/ .owl-carousel-item \/ .isotope --><div class=\"col-lg-4 col-md-4\" ><div class=\"service-inner\"><div class=\"service-icon-img-wrap\"><img decoding=\"async\" src=\"https:\/\/meelismasso.ee\/wp-content\/uploads\/2024\/01\/parimisoigus.png\" class=\"img-fluid service-icon-img\" alt=\"Family and inheritance law\" \/><\/div><div class=\"entry-title\"><h3 class=\"post-title-head\"><a href=\"https:\/\/meelismasso.ee\/en\/service\/perekonna-ja-parimisoigus\/\" class=\"post-title\">Family and inheritance law<\/a><\/h3><\/div><!-- .entry-title --><\/div><!-- .service-inner --><\/div><!-- .col \/ .owl-carousel-item \/ .isotope --><div class=\"col-lg-4 col-md-4\" ><div class=\"service-inner\"><div class=\"service-icon-img-wrap\"><img decoding=\"async\" src=\"https:\/\/meelismasso.ee\/wp-content\/uploads\/2024\/01\/kv.png\" class=\"img-fluid service-icon-img\" alt=\"Real estate and construction law\" \/><\/div><div class=\"entry-title\"><h3 class=\"post-title-head\"><a href=\"https:\/\/meelismasso.ee\/en\/service\/kinnisvara-ja-ehitusoigus\/\" class=\"post-title\">Real estate and construction law<\/a><\/h3><\/div><!-- .entry-title --><\/div><!-- .service-inner --><\/div><!-- .col \/ .owl-carousel-item \/ .isotope --><\/div><!-- .row --><div class=\"row\"><div class=\"col-lg-4 col-md-4\" ><div class=\"service-inner\"><div class=\"service-icon-img-wrap\"><img decoding=\"async\" src=\"https:\/\/meelismasso.ee\/wp-content\/uploads\/2024\/01\/keskkond.png\" class=\"img-fluid service-icon-img\" alt=\"Environmental law\" \/><\/div><div class=\"entry-title\"><h3 class=\"post-title-head\"><a href=\"https:\/\/meelismasso.ee\/en\/service\/keskkonnaoigus\/\" class=\"post-title\">Environmental law<\/a><\/h3><\/div><!-- .entry-title --><\/div><!-- .service-inner --><\/div><!-- .col \/ .owl-carousel-item \/ .isotope --><div class=\"col-lg-4 col-md-4\" ><div class=\"service-inner\"><div class=\"service-icon-img-wrap\"><img decoding=\"async\" src=\"https:\/\/meelismasso.ee\/wp-content\/uploads\/2022\/07\/copyright.png\" class=\"img-fluid service-icon-img\" alt=\"Labour law\" \/><\/div><div class=\"entry-title\"><h3 class=\"post-title-head\"><a href=\"https:\/\/meelismasso.ee\/en\/service\/toooigus\/\" class=\"post-title\">Labour law<\/a><\/h3><\/div><!-- .entry-title --><\/div><!-- .service-inner --><\/div><!-- .col \/ .owl-carousel-item \/ .isotope --><div class=\"col-lg-4 col-md-4\" ><div class=\"service-inner\"><div class=\"service-icon-img-wrap\"><img decoding=\"async\" src=\"https:\/\/meelismasso.ee\/wp-content\/uploads\/2024\/01\/rist2.png\" class=\"img-fluid service-icon-img\" alt=\"Medical law\" \/><\/div><div class=\"entry-title\"><h3 class=\"post-title-head\"><a href=\"https:\/\/meelismasso.ee\/en\/service\/meditsiinioigus\/\" class=\"post-title\">Medical law<\/a><\/h3><\/div><!-- .entry-title --><\/div><!-- .service-inner --><\/div><!-- .col \/ .owl-carousel-item \/ .isotope --><\/div><!-- .row --><div class=\"row\"><div class=\"col-lg-4 col-md-4\" ><div class=\"service-inner\"><div class=\"service-icon-img-wrap\"><img decoding=\"async\" src=\"https:\/\/meelismasso.ee\/wp-content\/uploads\/2024\/01\/maksud.png\" class=\"img-fluid service-icon-img\" alt=\"Tax law\" \/><\/div><div class=\"entry-title\"><h3 class=\"post-title-head\"><a href=\"https:\/\/meelismasso.ee\/en\/service\/maksuoigus\/\" class=\"post-title\">Tax law<\/a><\/h3><\/div><!-- .entry-title --><\/div><!-- .service-inner --><\/div><!-- .col \/ .owl-carousel-item \/ .isotope --><div class=\"col-lg-4 col-md-4\" ><div class=\"service-inner\"><div class=\"service-icon-img-wrap\"><img decoding=\"async\" src=\"https:\/\/meelismasso.ee\/wp-content\/uploads\/2024\/01\/maksed.png\" class=\"img-fluid service-icon-img\" alt=\"Contract law\" \/><\/div><div class=\"entry-title\"><h3 class=\"post-title-head\"><a href=\"https:\/\/meelismasso.ee\/en\/service\/lepinguoigus\/\" class=\"post-title\">Contract law<\/a><\/h3><\/div><!-- .entry-title --><\/div><!-- .service-inner --><\/div><!-- .col \/ .owl-carousel-item \/ .isotope --><div class=\"col-lg-4 col-md-4\" ><div class=\"service-inner\"><div class=\"service-icon-img-wrap\"><img decoding=\"async\" src=\"https:\/\/meelismasso.ee\/wp-content\/uploads\/2022\/07\/business.png\" class=\"img-fluid service-icon-img\" alt=\"Business law\" \/><\/div><div class=\"entry-title\"><h3 class=\"post-title-head\"><a href=\"https:\/\/meelismasso.ee\/en\/service\/arioigus\/\" class=\"post-title\">Business law<\/a><\/h3><\/div><!-- .entry-title --><\/div><!-- .service-inner --><\/div><!-- .col \/ .owl-carousel-item \/ .isotope --><\/div><!-- .row --><div class=\"row\"><div class=\"col-lg-4 col-md-4\" ><div class=\"service-inner\"><div class=\"service-icon-img-wrap\"><img decoding=\"async\" src=\"https:\/\/meelismasso.ee\/wp-content\/uploads\/2024\/01\/kohus.png\" class=\"img-fluid service-icon-img\" alt=\"Administrative judicial proceedings and administrative procedure (Public administration)\" \/><\/div><div class=\"entry-title\"><h3 class=\"post-title-head\"><a href=\"https:\/\/meelismasso.ee\/en\/service\/halduskohtumenetlus-ja-haldusmenetlus-avalik-haldus\/\" class=\"post-title\">Administrative judicial proceedings and administrative procedure (Public administration)<\/a><\/h3><\/div><!-- .entry-title --><\/div><!-- .service-inner --><\/div><!-- .col \/ .owl-carousel-item \/ .isotope --><div class=\"col-lg-4 col-md-4\" ><div class=\"service-inner\"><div class=\"service-icon-img-wrap\"><img decoding=\"async\" src=\"https:\/\/meelismasso.ee\/wp-content\/uploads\/2024\/01\/pankrot.png\" class=\"img-fluid service-icon-img\" alt=\"Bankruptcy law\" \/><\/div><div class=\"entry-title\"><h3 class=\"post-title-head\"><a href=\"https:\/\/meelismasso.ee\/en\/service\/pankrotioigus\/\" class=\"post-title\">Bankruptcy law<\/a><\/h3><\/div><!-- .entry-title --><\/div><!-- .service-inner --><\/div><!-- .col \/ .owl-carousel-item \/ .isotope --><div class=\"col-lg-4 col-md-4\" ><div class=\"service-inner\"><div class=\"service-icon-img-wrap\"><img decoding=\"async\" src=\"https:\/\/meelismasso.ee\/wp-content\/uploads\/2024\/01\/vaidlus.png\" class=\"img-fluid service-icon-img\" alt=\"Dispute settlement and court procedures\" \/><\/div><div class=\"entry-title\"><h3 class=\"post-title-head\"><a href=\"https:\/\/meelismasso.ee\/en\/service\/vaidluste-lahendamine-ja-kohtumenetlused\/\" class=\"post-title\">Dispute settlement and court procedures<\/a><\/h3><\/div><!-- .entry-title --><\/div><!-- .service-inner --><\/div><!-- .col \/ .owl-carousel-item \/ .isotope --><\/div><!-- .row --><div class=\"row\"><div class=\"col-lg-4 col-md-4\" ><div class=\"service-inner\"><div class=\"service-icon-img-wrap\"><img decoding=\"async\" src=\"https:\/\/meelismasso.ee\/wp-content\/uploads\/2022\/07\/divorce.png\" class=\"img-fluid service-icon-img\" alt=\"Data protection\" \/><\/div><div class=\"entry-title\"><h3 class=\"post-title-head\"><a href=\"https:\/\/meelismasso.ee\/en\/service\/andmekaitse\/\" class=\"post-title\">Data protection<\/a><\/h3><\/div><!-- .entry-title --><\/div><!-- .service-inner --><\/div><!-- .col \/ .owl-carousel-item \/ .isotope --><\/div><!-- .row -->\t\t\t\r\n\t\t<\/div>\r\n\t\t\t\t<\/div>\n\t\t\t\t\t<\/div>\n\t\t\t\t<\/div>\n\t\t\t\t<\/div>","protected":false},"excerpt":{"rendered":"<p>Kriminaal\u00f5igus (sh v\u00e4\u00e4rteomenetlused) Perekonna- ja p\u00e4rimis\u00f5igus Kinnisvara- ja ehitus\u00f5igus Keskkonna\u00f5igus T\u00f6\u00f6\u00f5igus Meditsiini\u00f5igus Maksu\u00f5igus Lepingu\u00f5igus \u00c4ri\u00f5igus Halduskohtumenetlus ja haldusmenetlus (Avalik haldus) Pankroti\u00f5igus Vaidluste lahendamine ja kohtumenetlused Andmekaitse<\/p>","protected":false},"author":2,"featured_media":0,"parent":0,"menu_order":0,"comment_status":"closed","ping_status":"closed","template":"","meta":{"footnotes":""},"class_list":["post-35299","page","type-page","status-publish","hentry"],"_links":{"self":[{"href":"https:\/\/meelismasso.ee\/en\/wp-json\/wp\/v2\/pages\/35299","targetHints":{"allow":["GET"]}}],"collection":[{"href":"https:\/\/meelismasso.ee\/en\/wp-json\/wp\/v2\/pages"}],"about":[{"href":"https:\/\/meelismasso.ee\/en\/wp-json\/wp\/v2\/types\/page"}],"author":[{"embeddable":true,"href":"https:\/\/meelismasso.ee\/en\/wp-json\/wp\/v2\/users\/2"}],"replies":[{"embeddable":true,"href":"https:\/\/meelismasso.ee\/en\/wp-json\/wp\/v2\/comments?post=35299"}],"version-history":[{"count":10,"href":"https:\/\/meelismasso.ee\/en\/wp-json\/wp\/v2\/pages\/35299\/revisions"}],"predecessor-version":[{"id":35351,"href":"https:\/\/meelismasso.ee\/en\/wp-json\/wp\/v2\/pages\/35299\/revisions\/35351"}],"wp:attachment":[{"href":"https:\/\/meelismasso.ee\/en\/wp-json\/wp\/v2\/media?parent=35299"}],"curies":[{"name":"wp","href":"https:\/\/api.w.org\/{rel}","templated":true}]}}